{"id":3537,"date":"2022-11-07T12:27:13","date_gmt":"2022-11-07T11:27:13","guid":{"rendered":"http:\/\/acaixasostible.uvigo.gal\/?page_id=3537"},"modified":"2022-11-28T10:10:00","modified_gmt":"2022-11-28T09:10:00","slug":"elena-alonso-prieto","status":"publish","type":"page","link":"http:\/\/acaixasostible.uvigo.gal\/gl\/membros\/elena-alonso-prieto\/","title":{"rendered":"Elena Alonso Prieto"},"content":{"rendered":"<p><img loading=\"lazy\" decoding=\"async\" class=\"alignnone wp-image-3494 size-medium\" src=\"http:\/\/acaixasostible.uvigo.gal\/wp-content\/uploads\/2022\/11\/Elena-Alonso-274x300.png\" alt=\"\" width=\"274\" height=\"300\" srcset=\"http:\/\/acaixasostible.uvigo.gal\/wp-content\/uploads\/2022\/11\/Elena-Alonso-274x300.png 274w, http:\/\/acaixasostible.uvigo.gal\/wp-content\/uploads\/2022\/11\/Elena-Alonso.png 700w\" sizes=\"auto, (max-width: 274px) 100vw, 274px\" \/><\/p>\n<p>Investigadora responsable da actividade <em>Descobre o potencial xeol\u00f3xico da t\u00faa contorna<\/em><\/p>\n<p>Grupo de investigaci\u00f3n: Xesti\u00f3n Segura e Sostible de Recursos Minerais (GESSMin)<\/p>\n<p>ealonso@uvigo.es<\/p>\n<p><a href=\"https:\/\/orcid.org\/0000-0002-8528-545X\">https:\/\/orcid.org\/0000-0002-8528-545X<\/a><\/p>\n<p>Enxe\u00f1eira e doutora en Enxe\u00f1er\u00eda de Minas desenvolve a s\u00faa actividade docente e investigadora na Escola de Enxe\u00f1ar\u00eda de Minas e Enerx\u00eda no \u00e1mbito da xesti\u00f3n dos recursos mineiros. En relaci\u00f3n \u00e1 docencia impartiu desde 1993 docencia a tempo completo na \u00e1rea de Explotaci\u00f3n de Minas. En relaci\u00f3n a investigaci\u00f3n traballa nas li\u00f1as: (i) dese\u00f1o de escavaci\u00f3ns ao descuberto e subterr\u00e1neas, (ii) caracterizaci\u00f3n do comportamento de macizos rocos. Dirixiu unha tese doutoral neste \u00e1mbito. Participa activamente nas actividades de divulgaci\u00f3n da Escola de Enxe\u00f1er\u00eda de Minas e Enerx\u00eda, impartindo conferencias sobre a explotaci\u00f3n sostible dos recursos minerais e coordinando o proxecto STEMbach da Escola de Enxe\u00f1er\u00eda de Minas e Enerx\u00eda. Actualmente \u00e9 Directora da Escola de Enxe\u00f1er\u00eda de Minas e Enerx\u00eda e Coordinadora do M\u00e1ster Universitario en Enxe\u00f1er\u00eda de Minas da Universidade de Vigo.<\/p>\n","protected":false},"excerpt":{"rendered":"<p>Investigadora responsable da actividade Descobre o potencial xeol\u00f3xico da t\u00faa contorna Grupo de investigaci\u00f3n: Xesti\u00f3n Segura e Sostible de Recursos Minerais (GESSMin) ealonso@uvigo.es https:\/\/orcid.org\/0000-0002-8528-545X Enxe\u00f1eira &hellip; <a class=\"excerpt_more\" href=\"http:\/\/acaixasostible.uvigo.gal\/gl\/membros\/elena-alonso-prieto\/\">Continuar<\/a><\/p>\n","protected":false},"author":4,"featured_media":0,"parent":2092,"menu_order":11,"comment_status":"closed","ping_status":"closed","template":"","meta":{"footnotes":""},"class_list":["post-3537","page","type-page","status-publish","hentry"],"_links":{"self":[{"href":"http:\/\/acaixasostible.uvigo.gal\/gl\/wp-json\/wp\/v2\/pages\/3537\/"}],"collection":[{"href":"http:\/\/acaixasostible.uvigo.gal\/gl\/wp-json\/wp\/v2\/pages\/"}],"about":[{"href":"http:\/\/acaixasostible.uvigo.gal\/gl\/wp-json\/wp\/v2\/types\/page\/"}],"author":[{"embeddable":true,"href":"http:\/\/acaixasostible.uvigo.gal\/gl\/wp-json\/wp\/v2\/users\/4\/"}],"replies":[{"embeddable":true,"href":"http:\/\/acaixasostible.uvigo.gal\/gl\/wp-json\/wp\/v2\/comments\/?post=3537"}],"version-history":[{"count":2,"href":"http:\/\/acaixasostible.uvigo.gal\/gl\/wp-json\/wp\/v2\/pages\/3537\/revisions\/"}],"predecessor-version":[{"id":4251,"href":"http:\/\/acaixasostible.uvigo.gal\/gl\/wp-json\/wp\/v2\/pages\/3537\/revisions\/4251\/"}],"up":[{"embeddable":true,"href":"http:\/\/acaixasostible.uvigo.gal\/gl\/wp-json\/wp\/v2\/pages\/2092\/"}],"wp:attachment":[{"href":"http:\/\/acaixasostible.uvigo.gal\/gl\/wp-json\/wp\/v2\/media\/?parent=3537"}],"curies":[{"name":"wp","href":"https:\/\/api.w.org\/{rel}","templated":true}]}}