{"id":3535,"date":"2022-11-07T12:22:27","date_gmt":"2022-11-07T11:22:27","guid":{"rendered":"http:\/\/acaixasostible.uvigo.gal\/?page_id=3535"},"modified":"2022-11-07T12:38:56","modified_gmt":"2022-11-07T11:38:56","slug":"maria-araujo-fernandez","status":"publish","type":"page","link":"http:\/\/acaixasostible.uvigo.gal\/gl\/membros\/maria-araujo-fernandez\/","title":{"rendered":"Mar\u00eda Ara\u00fajo Fern\u00e1ndez"},"content":{"rendered":"<p><img loading=\"lazy\" decoding=\"async\" class=\"alignnone wp-image-3498 size-medium\" src=\"http:\/\/acaixasostible.uvigo.gal\/wp-content\/uploads\/2022\/11\/Maria-Araujo-274x300.png\" alt=\"\" width=\"274\" height=\"300\" srcset=\"http:\/\/acaixasostible.uvigo.gal\/wp-content\/uploads\/2022\/11\/Maria-Araujo-274x300.png 274w, http:\/\/acaixasostible.uvigo.gal\/wp-content\/uploads\/2022\/11\/Maria-Araujo.png 700w\" sizes=\"auto, (max-width: 274px) 100vw, 274px\" \/><\/p>\n<p>Investigador responsable da actividade <em>Determinaci\u00f3n da calidade das augas<\/em><\/p>\n<p>Grupo de investigaci\u00f3n: Xesti\u00f3n Segura e Sostible de Recursos Minerais (GESSMin)<\/p>\n<p>maraujo@uvigo.es<\/p>\n<p><a href=\"https:\/\/orcid.org\/0000-0002-0666-5666\">https:\/\/orcid.org\/0000-0002-0666-5666<\/a><\/p>\n<p>Enxe\u00f1eira de minas e doutora en tecnolox\u00eda ambiental centra a s\u00faa investigaci\u00f3n en d\u00faas li\u00f1as principais: (i) a modelizaci\u00f3n e optimizaci\u00f3n da explotaci\u00f3n de recursos mineiros, e (ii) a mellora de procedementos de control e tratamento de datos dentro do \u00e1mbito ambiental. No campo da xesti\u00f3n e control de calidade das augas centrou a s\u00faa investigaci\u00f3n os \u00faltimos anos, codirixindo d\u00faas teses de doutoramento nesta tem\u00e1tica. \u00c9 a investigadora principal do proxecto de car\u00e1cter competitivo a nivel nacional MLFWATER (PID2020-116013RB-I00, convocatoria Retos Investigaci\u00f3n 2020). \u00c9 Subdirectora de Planificaci\u00f3n e Organizaci\u00f3n Docente da Escola de Enxe\u00f1ar\u00eda de Minas e Enerx\u00eda, membro activo da comisi\u00f3n de divulgaci\u00f3n da mesma Escola e traballou como responsable de divulgaci\u00f3n do centro desde o ano 2010 ata o 2013.<\/p>\n","protected":false},"excerpt":{"rendered":"<p>Investigador responsable da actividade Determinaci\u00f3n da calidade das augas Grupo de investigaci\u00f3n: Xesti\u00f3n Segura e Sostible de Recursos Minerais (GESSMin) maraujo@uvigo.es https:\/\/orcid.org\/0000-0002-0666-5666 Enxe\u00f1eira de minas &hellip; <a class=\"excerpt_more\" href=\"http:\/\/acaixasostible.uvigo.gal\/gl\/membros\/maria-araujo-fernandez\/\">Continuar<\/a><\/p>\n","protected":false},"author":4,"featured_media":0,"parent":2092,"menu_order":9,"comment_status":"closed","ping_status":"closed","template":"","meta":{"footnotes":""},"class_list":["post-3535","page","type-page","status-publish","hentry"],"_links":{"self":[{"href":"http:\/\/acaixasostible.uvigo.gal\/gl\/wp-json\/wp\/v2\/pages\/3535\/"}],"collection":[{"href":"http:\/\/acaixasostible.uvigo.gal\/gl\/wp-json\/wp\/v2\/pages\/"}],"about":[{"href":"http:\/\/acaixasostible.uvigo.gal\/gl\/wp-json\/wp\/v2\/types\/page\/"}],"author":[{"embeddable":true,"href":"http:\/\/acaixasostible.uvigo.gal\/gl\/wp-json\/wp\/v2\/users\/4\/"}],"replies":[{"embeddable":true,"href":"http:\/\/acaixasostible.uvigo.gal\/gl\/wp-json\/wp\/v2\/comments\/?post=3535"}],"version-history":[{"count":1,"href":"http:\/\/acaixasostible.uvigo.gal\/gl\/wp-json\/wp\/v2\/pages\/3535\/revisions\/"}],"predecessor-version":[{"id":3536,"href":"http:\/\/acaixasostible.uvigo.gal\/gl\/wp-json\/wp\/v2\/pages\/3535\/revisions\/3536\/"}],"up":[{"embeddable":true,"href":"http:\/\/acaixasostible.uvigo.gal\/gl\/wp-json\/wp\/v2\/pages\/2092\/"}],"wp:attachment":[{"href":"http:\/\/acaixasostible.uvigo.gal\/gl\/wp-json\/wp\/v2\/media\/?parent=3535"}],"curies":[{"name":"wp","href":"https:\/\/api.w.org\/{rel}","templated":true}]}}