{"id":3529,"date":"2022-11-07T12:15:14","date_gmt":"2022-11-07T11:15:14","guid":{"rendered":"http:\/\/acaixasostible.uvigo.gal\/?page_id=3529"},"modified":"2022-11-28T09:31:24","modified_gmt":"2022-11-28T08:31:24","slug":"benito-vazquez-dorrio","status":"publish","type":"page","link":"http:\/\/acaixasostible.uvigo.gal\/gl\/membros\/benito-vazquez-dorrio\/","title":{"rendered":"Benito V\u00e1zquez Dorr\u00edo"},"content":{"rendered":"<p><img loading=\"lazy\" decoding=\"async\" class=\"alignnone wp-image-3490 size-medium\" src=\"http:\/\/acaixasostible.uvigo.gal\/wp-content\/uploads\/2022\/11\/Benito-vazquez-274x300.png\" alt=\"\" width=\"274\" height=\"300\" srcset=\"http:\/\/acaixasostible.uvigo.gal\/wp-content\/uploads\/2022\/11\/Benito-vazquez-274x300.png 274w, http:\/\/acaixasostible.uvigo.gal\/wp-content\/uploads\/2022\/11\/Benito-vazquez.png 700w\" sizes=\"auto, (max-width: 274px) 100vw, 274px\" \/><\/p>\n<p>Investigador responsable da actividade<em> Eficiencia luminosa<\/em><\/p>\n<p>Grupo de investigaci\u00f3n: Enxe\u00f1ar\u00eda F\u00edsica<\/p>\n<p>bvazquez@uvigo.es<\/p>\n<p><a href=\"https:\/\/orcid.org\/0000-0002-4656-3840\">https:\/\/orcid.org\/0000-0002-4656-3840<\/a><\/p>\n<p>Catedr\u00e1tico de Universidade con catro sexenios de investigaci\u00f3n CNEAI. A s\u00faa investigaci\u00f3n c\u00e9ntrase na \u00d3ptica Aplicada e Tecnolox\u00edas L\u00e1ser. Mant\u00e9n ademais unha li\u00f1a de innovaci\u00f3n\/divulgaci\u00f3n cient\u00edfica no campo do ensino experimental da F\u00edsica desde 1991 con: 10 proxectos de transferencia, m\u00e1is de 120 publicaci\u00f3ns, m\u00e1is de 40 participaci\u00f3ns na organizaci\u00f3n de reuni\u00f3ns cient\u00edficas, m\u00e1is de 150 conferencias en IES. \u00c9 Vicepresidente (2007-2023) da Asociaci\u00f3n Hands-on Science (NIPC 508050561) (Membro da \u201cInternational Council of Associations for Science Education). \u00c9 Embaixador para Espa\u00f1a de Scientix\/European Schoolnet (2016-2023).\u00c9 responsable do <span style=\"color: #93d5f6;\"><a style=\"color: #93d5f6;\" href=\"http:\/\/www.clickonphysics.es\/cms\/Ga\/\">Grupo de Innovaci\u00f3n Docente de Aprendizaxe Manipulativo da F\u00edsica<\/a><\/span> rexistrado na Universidade de Vigo en xu\u00f1o de 2016 (GID1). Vogal do Grupo Especializado de Did\u00e1ctica e Historia da F\u00edsica e a Qu\u00edmica das Reais Sociedades Espa\u00f1olas de F\u00edsica (RSEF) e de Qu\u00edmica (RSEQ). Representante da RSEF no International Day of Light.<\/p>\n","protected":false},"excerpt":{"rendered":"<p>Investigador responsable da actividade Eficiencia luminosa Grupo de investigaci\u00f3n: Enxe\u00f1ar\u00eda F\u00edsica bvazquez@uvigo.es https:\/\/orcid.org\/0000-0002-4656-3840 Catedr\u00e1tico de Universidade con catro sexenios de investigaci\u00f3n CNEAI. A s\u00faa investigaci\u00f3n &hellip; <a class=\"excerpt_more\" href=\"http:\/\/acaixasostible.uvigo.gal\/gl\/membros\/benito-vazquez-dorrio\/\">Continuar<\/a><\/p>\n","protected":false},"author":4,"featured_media":0,"parent":2092,"menu_order":7,"comment_status":"closed","ping_status":"closed","template":"","meta":{"footnotes":""},"class_list":["post-3529","page","type-page","status-publish","hentry"],"_links":{"self":[{"href":"http:\/\/acaixasostible.uvigo.gal\/gl\/wp-json\/wp\/v2\/pages\/3529\/"}],"collection":[{"href":"http:\/\/acaixasostible.uvigo.gal\/gl\/wp-json\/wp\/v2\/pages\/"}],"about":[{"href":"http:\/\/acaixasostible.uvigo.gal\/gl\/wp-json\/wp\/v2\/types\/page\/"}],"author":[{"embeddable":true,"href":"http:\/\/acaixasostible.uvigo.gal\/gl\/wp-json\/wp\/v2\/users\/4\/"}],"replies":[{"embeddable":true,"href":"http:\/\/acaixasostible.uvigo.gal\/gl\/wp-json\/wp\/v2\/comments\/?post=3529"}],"version-history":[{"count":5,"href":"http:\/\/acaixasostible.uvigo.gal\/gl\/wp-json\/wp\/v2\/pages\/3529\/revisions\/"}],"predecessor-version":[{"id":4235,"href":"http:\/\/acaixasostible.uvigo.gal\/gl\/wp-json\/wp\/v2\/pages\/3529\/revisions\/4235\/"}],"up":[{"embeddable":true,"href":"http:\/\/acaixasostible.uvigo.gal\/gl\/wp-json\/wp\/v2\/pages\/2092\/"}],"wp:attachment":[{"href":"http:\/\/acaixasostible.uvigo.gal\/gl\/wp-json\/wp\/v2\/media\/?parent=3529"}],"curies":[{"name":"wp","href":"https:\/\/api.w.org\/{rel}","templated":true}]}}