{"id":3520,"date":"2022-11-07T11:59:14","date_gmt":"2022-11-07T10:59:14","guid":{"rendered":"http:\/\/acaixasostible.uvigo.gal\/?page_id=3520"},"modified":"2022-11-07T11:59:14","modified_gmt":"2022-11-07T10:59:14","slug":"david-patino-vilas","status":"publish","type":"page","link":"http:\/\/acaixasostible.uvigo.gal\/gl\/membros\/david-patino-vilas\/","title":{"rendered":"David Pati\u00f1o Vilas"},"content":{"rendered":"<p><img loading=\"lazy\" decoding=\"async\" class=\"alignnone wp-image-3492 size-medium\" src=\"http:\/\/acaixasostible.uvigo.gal\/wp-content\/uploads\/2022\/11\/David-patino-274x300.png\" alt=\"\" width=\"274\" height=\"300\" srcset=\"http:\/\/acaixasostible.uvigo.gal\/wp-content\/uploads\/2022\/11\/David-patino-274x300.png 274w, http:\/\/acaixasostible.uvigo.gal\/wp-content\/uploads\/2022\/11\/David-patino.png 700w\" sizes=\"auto, (max-width: 274px) 100vw, 274px\" \/><\/p>\n<p>Investigador responsable da actividade Pegada de Carbono<\/p>\n<p>Grupo de investigaci\u00f3n: Grupo de Tecnolox\u00edas Enerx\u00e9ticas (GTE)<\/p>\n<p>patinho@uvigo.es<\/p>\n<p><a href=\"https:\/\/orcid.org\/0000-0002-6129-8678\">https:\/\/orcid.org\/0000-0003-1694-5167<\/a><\/p>\n<p>David Pati\u00f1o, Enxe\u00f1eiro industrial e doutor en Enxe\u00f1er\u00eda Industrial centra a s\u00faa li\u00f1a de investigaci\u00f3n na sustentabilidade e eficiencia enerx\u00e9tica de sistemas t\u00e9rmicos de combusti\u00f3n de biomasa, reduci\u00f3n de emisi\u00f3ns gasosas en combusti\u00f3n e tecnolox\u00edas de captura e almacenamento de CO<sub>2<\/sub>. Proxectos de car\u00e1cter competitivo sobre a tem\u00e1tica a nivel nacional (BIOMASSPME, RTI-2018-100765-B100, convocatoria Retos Investigaci\u00f3n 2018) e europeo (BIOMASA-AP, INTERREG VAI Espa\u00f1a-Portugal 2014-2020; CYCLOMB, Uni\u00f3n Europea H2020-FTIPilot-2016-1). Experiencia en programas de fomento de inquietudes cient\u00edfico-tecnol\u00f3xicas a escolares en programa STEMbac. Membros activos da comisi\u00f3n de divulgaci\u00f3n da EME e do Grupo de Tecnolox\u00eda Enerx\u00e9tica e Educaci\u00f3n. Ademais, participan no proxecto FECYT \u201cCiencia de ida e volta\u201d solicitado pola Unidade de Cultura Cient\u00edfica (UCC) da UVigo. D. Pati\u00f1o \u00e9 Director de \u00c1rea de Posgrao na UVigo.<\/p>\n","protected":false},"excerpt":{"rendered":"<p>Investigador responsable da actividade Pegada de Carbono Grupo de investigaci\u00f3n: Grupo de Tecnolox\u00edas Enerx\u00e9ticas (GTE) patinho@uvigo.es https:\/\/orcid.org\/0000-0003-1694-5167 David Pati\u00f1o, Enxe\u00f1eiro industrial e doutor en Enxe\u00f1er\u00eda &hellip; <a class=\"excerpt_more\" href=\"http:\/\/acaixasostible.uvigo.gal\/gl\/membros\/david-patino-vilas\/\">Continuar<\/a><\/p>\n","protected":false},"author":4,"featured_media":0,"parent":2092,"menu_order":4,"comment_status":"closed","ping_status":"closed","template":"","meta":{"footnotes":""},"class_list":["post-3520","page","type-page","status-publish","hentry"],"_links":{"self":[{"href":"http:\/\/acaixasostible.uvigo.gal\/gl\/wp-json\/wp\/v2\/pages\/3520\/"}],"collection":[{"href":"http:\/\/acaixasostible.uvigo.gal\/gl\/wp-json\/wp\/v2\/pages\/"}],"about":[{"href":"http:\/\/acaixasostible.uvigo.gal\/gl\/wp-json\/wp\/v2\/types\/page\/"}],"author":[{"embeddable":true,"href":"http:\/\/acaixasostible.uvigo.gal\/gl\/wp-json\/wp\/v2\/users\/4\/"}],"replies":[{"embeddable":true,"href":"http:\/\/acaixasostible.uvigo.gal\/gl\/wp-json\/wp\/v2\/comments\/?post=3520"}],"version-history":[{"count":1,"href":"http:\/\/acaixasostible.uvigo.gal\/gl\/wp-json\/wp\/v2\/pages\/3520\/revisions\/"}],"predecessor-version":[{"id":3521,"href":"http:\/\/acaixasostible.uvigo.gal\/gl\/wp-json\/wp\/v2\/pages\/3520\/revisions\/3521\/"}],"up":[{"embeddable":true,"href":"http:\/\/acaixasostible.uvigo.gal\/gl\/wp-json\/wp\/v2\/pages\/2092\/"}],"wp:attachment":[{"href":"http:\/\/acaixasostible.uvigo.gal\/gl\/wp-json\/wp\/v2\/media\/?parent=3520"}],"curies":[{"name":"wp","href":"https:\/\/api.w.org\/{rel}","templated":true}]}}