{"id":3518,"date":"2022-11-07T11:39:42","date_gmt":"2022-11-07T10:39:42","guid":{"rendered":"http:\/\/acaixasostible.uvigo.gal\/?page_id=3518"},"modified":"2022-11-28T10:09:09","modified_gmt":"2022-11-28T09:09:09","slug":"teresa-rivas-brea","status":"publish","type":"page","link":"http:\/\/acaixasostible.uvigo.gal\/gl\/membros\/teresa-rivas-brea\/","title":{"rendered":"Teresa Rivas Brea"},"content":{"rendered":"<p><img loading=\"lazy\" decoding=\"async\" class=\"alignnone wp-image-3504 size-medium\" src=\"http:\/\/acaixasostible.uvigo.gal\/wp-content\/uploads\/2022\/11\/Tere-Rivas-274x300.png\" alt=\"\" width=\"274\" height=\"300\" srcset=\"http:\/\/acaixasostible.uvigo.gal\/wp-content\/uploads\/2022\/11\/Tere-Rivas-274x300.png 274w, http:\/\/acaixasostible.uvigo.gal\/wp-content\/uploads\/2022\/11\/Tere-Rivas.png 700w\" sizes=\"auto, (max-width: 274px) 100vw, 274px\" \/><\/p>\n<p>Investigadora responsable da actividade <em>Descobre o potencial xeol\u00f3xico da t\u00faa contorna<\/em><\/p>\n<p>Grupo de investigaci\u00f3n: Xesti\u00f3n Segura e Sostible de Recursos Minerais (GESSMin)<\/p>\n<p>trivas@uvigo.es<\/p>\n<p><a href=\"https:\/\/orcid.org\/0000-0003-1694-5167\">https:\/\/orcid.org\/0000-0003-1694-5167<\/a><\/p>\n<p>Doutora en ciencias biol\u00f3xicas, centra a s\u00faa investigaci\u00f3n no campo da explotaci\u00f3n de rochas gran\u00edticas e no seu comportamento no Patrimonio Cultural. A s\u00faa traxectoria investigadora, que comezou no ano 1990, refl\u00edctese en m\u00e1is de 100 publicaci\u00f3ns en revistas de prestixio internacional, m\u00e1is de 80 contribuci\u00f3ns en congresos nacionais e internacionais. \u00c9 mentora en Inspira STEAM da Universidade de Vigo e foi Ligaz\u00f3n de Igualdade na Escola de Enxe\u00f1ar\u00eda de Minas e Enerx\u00eda durante 3 cursos acad\u00e9micos. Coordina as actividades relacionadas coa presenza da muller e\/o a nena na ciencia como son as actividades do 11 de febreiro ou 8 de marzo. Foi profesora do Ciclo Integrado de Maiores da UVigo durante 4 cursos acad\u00e9micos.<\/p>\n","protected":false},"excerpt":{"rendered":"<p>Investigadora responsable da actividade Descobre o potencial xeol\u00f3xico da t\u00faa contorna Grupo de investigaci\u00f3n: Xesti\u00f3n Segura e Sostible de Recursos Minerais (GESSMin) trivas@uvigo.es https:\/\/orcid.org\/0000-0003-1694-5167 Doutora &hellip; <a class=\"excerpt_more\" href=\"http:\/\/acaixasostible.uvigo.gal\/gl\/membros\/teresa-rivas-brea\/\">Continuar<\/a><\/p>\n","protected":false},"author":4,"featured_media":0,"parent":2092,"menu_order":10,"comment_status":"closed","ping_status":"closed","template":"","meta":{"footnotes":""},"class_list":["post-3518","page","type-page","status-publish","hentry"],"_links":{"self":[{"href":"http:\/\/acaixasostible.uvigo.gal\/gl\/wp-json\/wp\/v2\/pages\/3518\/"}],"collection":[{"href":"http:\/\/acaixasostible.uvigo.gal\/gl\/wp-json\/wp\/v2\/pages\/"}],"about":[{"href":"http:\/\/acaixasostible.uvigo.gal\/gl\/wp-json\/wp\/v2\/types\/page\/"}],"author":[{"embeddable":true,"href":"http:\/\/acaixasostible.uvigo.gal\/gl\/wp-json\/wp\/v2\/users\/4\/"}],"replies":[{"embeddable":true,"href":"http:\/\/acaixasostible.uvigo.gal\/gl\/wp-json\/wp\/v2\/comments\/?post=3518"}],"version-history":[{"count":3,"href":"http:\/\/acaixasostible.uvigo.gal\/gl\/wp-json\/wp\/v2\/pages\/3518\/revisions\/"}],"predecessor-version":[{"id":4249,"href":"http:\/\/acaixasostible.uvigo.gal\/gl\/wp-json\/wp\/v2\/pages\/3518\/revisions\/4249\/"}],"up":[{"embeddable":true,"href":"http:\/\/acaixasostible.uvigo.gal\/gl\/wp-json\/wp\/v2\/pages\/2092\/"}],"wp:attachment":[{"href":"http:\/\/acaixasostible.uvigo.gal\/gl\/wp-json\/wp\/v2\/media\/?parent=3518"}],"curies":[{"name":"wp","href":"https:\/\/api.w.org\/{rel}","templated":true}]}}