{"id":3435,"date":"2022-11-04T12:47:42","date_gmt":"2022-11-04T11:47:42","guid":{"rendered":"http:\/\/lacajasostenible.webs5.uvigo.es\/?page_id=3435"},"modified":"2023-01-09T11:16:04","modified_gmt":"2023-01-09T10:16:04","slug":"obxectivos","status":"publish","type":"page","link":"http:\/\/acaixasostible.uvigo.gal\/gl\/o-proxecto\/obxectivos\/","title":{"rendered":"Obxectivos"},"content":{"rendered":"<div class=\"row\">\n<div class=\"col-12\">\n<p><strong>Proxecto<\/strong>: A Caixa Sostible<br \/>\n<strong>C\u00f3digo<\/strong>: FCT-21-16592<br \/>\n<strong>Total concedido<\/strong>: 47.654,88 euros<br \/>\n<strong>Total concedido pola Fundaci\u00f3n Espa\u00f1ola para a Ciencia e a Tecnolox\u00eda (FECYT) do Ministerio de Ciencia e\u00a0 Innovaci\u00f3n<\/strong>: 14.500 euros<br \/>\n<strong>Duraci\u00f3n<\/strong>: 1 ano<br \/>\n<strong>Data de inicio<\/strong>: 01\/07\/2022<br \/>\n<strong>Data de terminaci\u00f3n<\/strong>: 30\/06\/2023<\/p>\n<p>A concienciaci\u00f3n da nosa mocidade de que a enxe\u00f1ar\u00eda e a ciencia son uns dos motores transformadores da sociedade \u00e9 de car\u00e1cter fundamental para alcanzar os Obxectivos de Desenvolvemento Sostible (ODS) da Axenda 2030 e mellorar desta maneira a calidade de vida e a sustentabilidade do planeta. Co obxectivo de amosar a necesidade dun emprego sostible da enerx\u00eda e dos recursos mineiros dende unha perspectiva m\u00e1is local, un equipo integrado por persoal docente e investigador da Escola de Enxe\u00f1er\u00eda de Minas e Enerx\u00eda da Universidade de Vigo prop\u00f3n o proxecto A CAIXA SOSTIBLE, no que dese\u00f1amos unha caixa que se enviamos a 40 institutos galegos de educaci\u00f3n secundaria que manifestaron interese.<\/p>\n<p>Esta caixa conta con 5 actividades encami\u00f1adas \u00e1 determinaci\u00f3n da pegada de carbono, eficiencia enerx\u00e9tica, eficiencia luminosa, a calidade das augas e a posta en valor do patrimonio xeol\u00f3xico da contorna. Cada unha destas actividades, ten un compartimento dentro da caixa onde se incl\u00fae o material e a informaci\u00f3n necesarios para o seu desenvolvemento. A caixa ser\u00e1 recibida polo profesorado encargado do centro educativo que, co apoio do persoal da Escola de Enxe\u00f1ar\u00eda de Minas e Enerx\u00eda titorizar\u00e1 ao estudantado en cada unha das actividades.<\/p>\n<p>Esta caixa pasa a ser propiedade do centro educativo, polo que as actividades propostas poder\u00e1n replicarse en cursos pr\u00f3ximos.<\/p>\n<p>Polo tanto, A Caixa Sostible axudar\u00e1 a espertar e incentivar vocaci\u00f3ns STEAM entre o alumnado que participe neste proxecto. As actividades propostas p\u00f3dense enmarcar nos ODS 4, 6, 7 e 11 e as s\u00faas correspondentes metas:<\/p>\n<ul class=\"list-peak\" style=\"margin-top: 10px;\">\n<li><em>ODS 4. Garantir unha educaci\u00f3n inclusiva, equitativa e de calidade e promover oportunidades de aprendizaxe durante toda a vida.<\/em><\/li>\n<\/ul>\n<p>Meta 4.7.<em>\u00a0Asegurar que todos o alumnado adquira os co\u00f1ecementos te\u00f3ricos e pr\u00e1cticos necesarios para promover o Desenvolvemento Sostible, entre outras cousas mediante a educaci\u00f3n para o Desenvolvemento Sostible e os estilos de vida sostibles, os dereitos humanos, a igualdade de x\u00e9nero, a promoci\u00f3n dunha cultura de paz e non violencia, a cidadan\u00eda mundial e a valoraci\u00f3n da diversidade cultural e a contribuci\u00f3n da cultura ao Desenvolvemento Sostible<\/em>.<\/p>\n<ul class=\"list-peak\" style=\"margin-top: 10px;\">\n<li>ODS 6.\u00a0<em style=\"font-size: 1rem;\">Garantir a dispo\u00f1ibilidade de auga e a s\u00faa xesti\u00f3n sostible e o saneamento para todos.<\/em><\/li>\n<\/ul>\n<p>Meta 6.3.\u00a0<em>Mellorar a calidade da auga reducindo a contaminaci\u00f3n, eliminando a vertedura e minimizando a emisi\u00f3n de produtos qu\u00edmicos e materiais perigosos, reducindo \u00e1 metade a porcentaxe de augas residuais sen tratar e aumentando considerablemente a reciclaxe e a reutilizaci\u00f3n sen riscos a nivel mundial.<\/em><\/p>\n<ul class=\"list-peak\" style=\"margin-top: 10px;\">\n<li>ODS 7.\u00a0<em>Garantir o acceso a unha enerx\u00eda alcanzable, segura, sostible e moderna.<\/em><\/li>\n<\/ul>\n<p>Meta 7.3.\u00a0<em>Duplicar a taxa mundial de mellora da eficiencia enerx\u00e9tica.<\/em><\/p>\n<ul class=\"list-peak\" style=\"margin-top: 10px;\">\n<li>ODS 11.\u00a0<em>Lograr que as cidades sexan m\u00e1is inclusivas, seguras, resilientes e sostibles.<\/em><\/li>\n<\/ul>\n<p>Meta 11.4<em>. Redobrar os esforzos para protexer e salvagardar o patrimonio cultural e natural do mundo.<\/em><\/p>\n<p>Meta 11.6.\u00a0<em>Reducir o impacto ambiental negativo per c\u00e1pita das cidades, incluso prestando especial atenci\u00f3n \u00e1 calidade do aire e a xesti\u00f3n dos refugallos municipais e doutro tipo.<\/em><\/p>\n<p>Este proxecto \u00e9 cofinanciado pola Escola de Enxe\u00f1ar\u00eda de Minas e Enerx\u00eda e o Consello Social da Universidade de Vigo e o Colexio Oficial de Enxe\u00f1eiros de Minas do Noroeste de Espa\u00f1a. Conta, coa colaboraci\u00f3n da Fundaci\u00f3n Espa\u00f1ola para a Ciencia e a Tecnolox\u00eda do Ministerio de Ciencia e\u00a0 Innovaci\u00f3n. Tam\u00e9n recibe o apoio de ENCIGA (Ensinantes de Ciencias de Galicia).<\/p>\n<\/div>\n<\/div>\n<h2>Obxectivo principal do proxecto:<\/h2>\n<p><iframe loading=\"lazy\" title=\"Presentaci\u00f3n do Proxecto A Caixa Sostible, por Santiago Pozo coordinador do proxecto.\" width=\"500\" height=\"281\" src=\"https:\/\/www.youtube.com\/embed\/UEHmPHqQ5xA?feature=oembed\" frameborder=\"0\" allow=\"accelerometer; autoplay; clipboard-write; encrypted-media; gyroscope; picture-in-picture; web-share\" referrerpolicy=\"strict-origin-when-cross-origin\" allowfullscreen><\/iframe><\/p>\n<p>O obxectivo principal do proxecto \u00e9 fomentar ou espertar vocaci\u00f3ns cient\u00edfico-t\u00e9cnicas no \u00e1mbito educativo preuniversitario (concretamente 4\u00ba ESO e bacharelato), mediante a implicaci\u00f3n do\u00a0alumnado e profesorado dos centros da comunidade galega no desenvolvemento de cinco actividades guiadas, de tipo experimental, relacionadas con:<\/p>\n<ol>\n<li>A pegada de carbono<\/li>\n<li>A eficiencia enerx\u00e9tica do seu instituto<\/li>\n<li>A eficiencia luminosa do seu instituto e municipio<\/li>\n<li>A calidade das s\u00faas augas<\/li>\n<li>A posta en valor do patrimonio xeol\u00f3xico da s\u00faa contorna<\/li>\n<\/ol>\n<p>Estas actividades permitir\u00e1n que alumnado, profesorado, familias e veci\u00f1anzas co\u00f1ezan o nivel de sustentabilidade que presentan os seus institutos e municipios, a calidade das s\u00faas augas, o tipo de emprego que se fai dos recursos minerais e rochas e a posibilidade que utilizar o seu patrimonio xeol\u00f3xico-arqueol\u00f3xico como recurso econ\u00f3mico.<\/p>\n<h6 style=\"text-align: right;\">S\u00e9guenos nas Redes!<\/h6>\n<p><a href=\"https:\/\/twitter.com\/LacajaSostenib1\" target=\"_blank\" rel=\"noopener\"><img loading=\"lazy\" decoding=\"async\" class=\"wp-image-4319 size-full alignright\" style=\"margin-left: 15px;\" src=\"http:\/\/acaixasostible.uvigo.gal\/wp-content\/uploads\/2022\/12\/twitter-icon-e1669982227817.png\" alt=\"\" width=\"35\" height=\"35\" \/><\/a><a href=\"https:\/\/www.instagram.com\/caixa_sostible\/\" target=\"_blank\" rel=\"noopener\"><img loading=\"lazy\" decoding=\"async\" class=\"wp-image-4318 size-full alignright\" style=\"margin-left: 15px;\" src=\"http:\/\/acaixasostible.uvigo.gal\/wp-content\/uploads\/2022\/12\/instagram-e1669982212591.png\" alt=\"\" width=\"35\" height=\"35\" \/><\/a><a href=\"https:\/\/www.facebook.com\/profile.php?id=100087954619668\" target=\"_blank\" rel=\"noopener\"><img loading=\"lazy\" decoding=\"async\" class=\"alignright\" style=\"margin-left: 15px;\" src=\"http:\/\/acaixasostible.uvigo.gal\/wp-content\/uploads\/2022\/12\/facebook-e1669982193537.png\" alt=\"\" width=\"35\" height=\"35\" \/><\/a><a href=\"https:\/\/www.youtube.com\/channel\/UCzZ3Uiylq1YRkNEVW3JurYg\" target=\"_blank\" rel=\"noopener\"><img loading=\"lazy\" decoding=\"async\" class=\"wp-image-4320 size-full alignright\" style=\"margin-left: 15px;\" src=\"http:\/\/acaixasostible.uvigo.gal\/wp-content\/uploads\/2022\/12\/youtube-e1669982588586.png\" alt=\"\" width=\"35\" height=\"35\" \/><\/a><\/p>\n","protected":false},"excerpt":{"rendered":"<p>Proxecto: A Caixa Sostible C\u00f3digo: FCT-21-16592 Total concedido: 47.654,88 euros Total concedido pola Fundaci\u00f3n Espa\u00f1ola para a Ciencia e a Tecnolox\u00eda (FECYT) do Ministerio de &hellip; <a class=\"excerpt_more\" href=\"http:\/\/acaixasostible.uvigo.gal\/gl\/o-proxecto\/obxectivos\/\">Continuar<\/a><\/p>\n","protected":false},"author":4,"featured_media":4442,"parent":3433,"menu_order":0,"comment_status":"closed","ping_status":"closed","template":"views\/template-fullwidth.blade.php","meta":{"footnotes":""},"class_list":["post-3435","page","type-page","status-publish","has-post-thumbnail","hentry"],"_links":{"self":[{"href":"http:\/\/acaixasostible.uvigo.gal\/gl\/wp-json\/wp\/v2\/pages\/3435\/"}],"collection":[{"href":"http:\/\/acaixasostible.uvigo.gal\/gl\/wp-json\/wp\/v2\/pages\/"}],"about":[{"href":"http:\/\/acaixasostible.uvigo.gal\/gl\/wp-json\/wp\/v2\/types\/page\/"}],"author":[{"embeddable":true,"href":"http:\/\/acaixasostible.uvigo.gal\/gl\/wp-json\/wp\/v2\/users\/4\/"}],"replies":[{"embeddable":true,"href":"http:\/\/acaixasostible.uvigo.gal\/gl\/wp-json\/wp\/v2\/comments\/?post=3435"}],"version-history":[{"count":14,"href":"http:\/\/acaixasostible.uvigo.gal\/gl\/wp-json\/wp\/v2\/pages\/3435\/revisions\/"}],"predecessor-version":[{"id":4458,"href":"http:\/\/acaixasostible.uvigo.gal\/gl\/wp-json\/wp\/v2\/pages\/3435\/revisions\/4458\/"}],"up":[{"embeddable":true,"href":"http:\/\/acaixasostible.uvigo.gal\/gl\/wp-json\/wp\/v2\/pages\/3433\/"}],"wp:featuredmedia":[{"embeddable":true,"href":"http:\/\/acaixasostible.uvigo.gal\/gl\/wp-json\/wp\/v2\/media\/4442\/"}],"wp:attachment":[{"href":"http:\/\/acaixasostible.uvigo.gal\/gl\/wp-json\/wp\/v2\/media\/?parent=3435"}],"curies":[{"name":"wp","href":"https:\/\/api.w.org\/{rel}","templated":true}]}}