{"id":3377,"date":"2022-10-28T13:32:44","date_gmt":"2022-10-28T11:32:44","guid":{"rendered":"http:\/\/lacajasostenible.webs5.uvigo.es\/?page_id=3377"},"modified":"2022-11-17T11:18:57","modified_gmt":"2022-11-17T10:18:57","slug":"jose-santiago-pozo","status":"publish","type":"page","link":"http:\/\/acaixasostible.uvigo.gal\/gl\/membros\/jose-santiago-pozo\/","title":{"rendered":"Santiago Pozo Antonio"},"content":{"rendered":"<p><img loading=\"lazy\" decoding=\"async\" class=\"alignnone wp-image-3379 size-medium\" src=\"http:\/\/acaixasostible.uvigo.gal\/wp-content\/uploads\/2022\/10\/foto-iago-274x300.png\" alt=\"\" width=\"274\" height=\"300\" srcset=\"http:\/\/acaixasostible.uvigo.gal\/wp-content\/uploads\/2022\/10\/foto-iago-274x300.png 274w, http:\/\/acaixasostible.uvigo.gal\/wp-content\/uploads\/2022\/10\/foto-iago-768x841.png 768w, http:\/\/acaixasostible.uvigo.gal\/wp-content\/uploads\/2022\/10\/foto-iago-935x1024.png 935w\" sizes=\"auto, (max-width: 274px) 100vw, 274px\" \/><\/p>\n<p>Coordinador de A Caixa Sostible<\/p>\n<p>Grupo de investigaci\u00f3n: Xesti\u00f3n Segura e Sostible dos Recursos Minerais (GESSMin)<\/p>\n<p><a href=\"mailto:lacajasostenible@uvigo.es\">lacajasostenible@uvigo.es<\/a><\/p>\n<p><a href=\"https:\/\/orcid.org\/0000-0002-7536-9609\">https:\/\/orcid.org\/0000-0002-7536-9609<\/a><\/p>\n<p>Enxe\u00f1eiro de minas e doutor en tecnolox\u00eda ambiental \u00e9 o Subdirector de Relaci\u00f3ns Externas e Mobilidade da Escola de Enxe\u00f1ar\u00eda de Minas e Enerx\u00eda da Universidade de Vigo. \u00c9 o coordinador de divulgaci\u00f3n cient\u00edfica do centro desde agosto 2018. \u00c9 investigador <em>Ram\u00f3n y Cajal<\/em> na UVigo tendo como li\u00f1a de investigaci\u00f3n principal a caracterizaci\u00f3n dos materiais empregados en patrimonio cultural tanxible, principalmente patrimonio rochoso e arqueol\u00f3xico. \u00c9 coautor de 96 artigos en revistas de prestixio internacional, 100 contribuci\u00f3ns en congresos nacionais e internacionais, e codirixiu 2 teses doutoramento. Permaneceu un total de 34 meses en instituci\u00f3ns estranxeiras como Getty Conservation Institute (EEUU), Institute of Electronic Structure and Laser (Grecia), Instituto Superior Tecnico (Portugal), etc. Asiste como representante da Escola en feiras de orientaci\u00f3n universitaria (EDUGAL, XOU-Universidade de Vigo, congreso NEV-Novos Estilos de Vida, etc.) e feiras cient\u00edficas como G-night, Ciencia na r\u00faa, etc. \u00c9 o coordinador do grupo de innovaci\u00f3n docente XEODA (Xeolox\u00eda orientada \u00e1 docencia) e pertence a ODS Cities and Citizenship, \u00e1mbolos dous da UVigo. S. Pozo ten experiencia en programas de fomento de inquietudes cient\u00edfico-tecnol\u00f3xicas a trav\u00e9s de programa STEMbach e pertence ao programa da UVigo Inspira STEAM da Universidade de Vigo.<\/p>\n","protected":false},"excerpt":{"rendered":"<p>Coordinador de A Caixa Sostible Grupo de investigaci\u00f3n: Xesti\u00f3n Segura e Sostible dos Recursos Minerais (GESSMin) lacajasostenible@uvigo.es https:\/\/orcid.org\/0000-0002-7536-9609 Enxe\u00f1eiro de minas e doutor en tecnolox\u00eda &hellip; <a class=\"excerpt_more\" href=\"http:\/\/acaixasostible.uvigo.gal\/gl\/membros\/jose-santiago-pozo\/\">Continuar<\/a><\/p>\n","protected":false},"author":4,"featured_media":0,"parent":2092,"menu_order":1,"comment_status":"closed","ping_status":"closed","template":"","meta":{"footnotes":""},"class_list":["post-3377","page","type-page","status-publish","hentry"],"_links":{"self":[{"href":"http:\/\/acaixasostible.uvigo.gal\/gl\/wp-json\/wp\/v2\/pages\/3377\/"}],"collection":[{"href":"http:\/\/acaixasostible.uvigo.gal\/gl\/wp-json\/wp\/v2\/pages\/"}],"about":[{"href":"http:\/\/acaixasostible.uvigo.gal\/gl\/wp-json\/wp\/v2\/types\/page\/"}],"author":[{"embeddable":true,"href":"http:\/\/acaixasostible.uvigo.gal\/gl\/wp-json\/wp\/v2\/users\/4\/"}],"replies":[{"embeddable":true,"href":"http:\/\/acaixasostible.uvigo.gal\/gl\/wp-json\/wp\/v2\/comments\/?post=3377"}],"version-history":[{"count":10,"href":"http:\/\/acaixasostible.uvigo.gal\/gl\/wp-json\/wp\/v2\/pages\/3377\/revisions\/"}],"predecessor-version":[{"id":3911,"href":"http:\/\/acaixasostible.uvigo.gal\/gl\/wp-json\/wp\/v2\/pages\/3377\/revisions\/3911\/"}],"up":[{"embeddable":true,"href":"http:\/\/acaixasostible.uvigo.gal\/gl\/wp-json\/wp\/v2\/pages\/2092\/"}],"wp:attachment":[{"href":"http:\/\/acaixasostible.uvigo.gal\/gl\/wp-json\/wp\/v2\/media\/?parent=3377"}],"curies":[{"name":"wp","href":"https:\/\/api.w.org\/{rel}","templated":true}]}}