{"id":3238,"date":"2021-07-20T13:23:53","date_gmt":"2021-07-20T11:23:53","guid":{"rendered":"http:\/\/matechoice.webs.uvigo.es\/?page_id=3238"},"modified":"2023-08-02T11:35:13","modified_gmt":"2023-08-02T09:35:13","slug":"planificacion","status":"publish","type":"page","link":"http:\/\/acaixasostible.uvigo.gal\/gl\/o-proxecto\/planificacion\/","title":{"rendered":"Planificaci\u00f3n"},"content":{"rendered":"<h2>Cronograma de desenvolvemento do proxecto<\/h2>\n<h3>2022<\/h3>\n<ul class=\"list-peak\" style=\"margin-top: 10px;\">\n<li><strong>D\u00eda 24 de novembro<\/strong><\/li>\n<\/ul>\n<p>Env\u00edo das Caixas Sostibles aos IES<\/p>\n<ul class=\"list-peak\" style=\"margin-top: 10px;\">\n<li><strong>D\u00eda 25 de novembro<\/strong><\/li>\n<\/ul>\n<p>Recepci\u00f3n de A Caixa Sostible nos IES<\/p>\n<ul class=\"list-peak\" style=\"margin-top: 10px;\">\n<li><strong>D\u00eda 29 de novembro<\/strong><\/li>\n<\/ul>\n<p>Reuni\u00f3n dos investigadores responsables das actividades cos docentes dos IES<\/p>\n<ul class=\"list-peak\" style=\"margin-top: 10px;\">\n<li><strong>Do 30 de novembro do 2022 ao 27 de abril do 2023<\/strong><\/li>\n<\/ul>\n<p>Desenvolvemento das actividades no IES<\/p>\n<h3>2023<\/h3>\n<ul class=\"list-peak\" style=\"margin-top: 10px;\">\n<li><strong>Do 24 de abril do 2023 ao 27 de abril do 2023<\/strong><\/li>\n<\/ul>\n<p>Env\u00edo dos IES \u00e1 coordinaci\u00f3n do proxecto do p\u00f3ster-resumo das actividades: <span style=\"color: #95d5f4;\"><a style=\"color: #95d5f4;\" href=\"mailto:lacajasostenible@uvigo.es\">lacajasostenible@uvigo.es<\/a><\/span><\/p>\n<ul class=\"list-peak\" style=\"margin-top: 10px;\">\n<li><strong>Do 16 de maio ao 31 de maio.\u00a0Creaci\u00f3n de:<\/strong><\/li>\n<\/ul>\n<ol>\n<li>Dossier Dixital <em>Sustentabilidade en Galicia:\u00a0<strong><span style=\"color: #95d8f7;\"><a style=\"color: #95d8f7;\" href=\"http:\/\/acaixasostible.uvigo.gal\/wp-content\/uploads\/2023\/08\/Dossier-Dixital-Sustentabilidade-en-Galicia.pdf\" target=\"_blank\" rel=\"noopener\">Descargar Dossier<\/a><\/span><\/strong><\/em><\/li>\n<li>Exposici\u00f3n Itinerante <em style=\"font-size: 1rem; color: #000000;\">Sustentabilidade en Galicia:\u00a0<strong><span style=\"color: #95d8f7;\"><a style=\"color: #95d8f7;\" href=\"http:\/\/acaixasostible.uvigo.gal\/wp-content\/uploads\/2023\/08\/Exposici\u00f3n-itinerante-Sustentabilidade-en-Galicia.pdf\" target=\"_blank\" rel=\"noopener\">Descargar Exposici\u00f3n Itinerante<\/a><\/span><\/strong><\/em><\/li>\n<\/ol>\n<ul class=\"list-peak\" style=\"margin-top: 10px;\">\n<li><strong>D\u00eda 10 de Maio<\/strong><\/li>\n<\/ul>\n<p>Xornada de clausura do proxecto A Caixa Sostible. O evento celebrarase o m\u00e9rcores d\u00eda 10 de maio, entre as 10.00h e as 14.00h no Auditorio Paraninfo da Universidade de Vigo.<\/p>\n<p>Descarga o programa:\u00a0<a style=\"font-size: 1rem; background-color: #ffffff;\" href=\"http:\/\/acaixasostible.uvigo.gal\/wp-content\/uploads\/2023\/05\/Programa-clausura.pdf\" target=\"_blank\" rel=\"noopener\"><span style=\"color: #95d5f4;\">Xornada de Clausura<\/span><\/a><\/p>\n<p>&nbsp;<\/p>\n<h6 style=\"text-align: right;\">S\u00e9guenos nas Redes!<\/h6>\n<p><a href=\"https:\/\/twitter.com\/LacajaSostenib1\" target=\"_blank\" rel=\"noopener\"><img loading=\"lazy\" decoding=\"async\" class=\"wp-image-4319 size-full alignright\" style=\"margin-left: 15px;\" src=\"http:\/\/acaixasostible.uvigo.gal\/wp-content\/uploads\/2022\/12\/twitter-icon-e1669982227817.png\" alt=\"\" width=\"35\" height=\"35\" \/><\/a><a href=\"https:\/\/www.instagram.com\/caixa_sostible\/\" target=\"_blank\" rel=\"noopener\"><img loading=\"lazy\" decoding=\"async\" class=\"wp-image-4318 size-full alignright\" style=\"margin-left: 15px;\" src=\"http:\/\/acaixasostible.uvigo.gal\/wp-content\/uploads\/2022\/12\/instagram-e1669982212591.png\" alt=\"\" width=\"35\" height=\"35\" \/><\/a><a href=\"https:\/\/www.facebook.com\/profile.php?id=100087954619668\" target=\"_blank\" rel=\"noopener\"><img loading=\"lazy\" decoding=\"async\" class=\"alignright\" style=\"margin-left: 15px;\" src=\"http:\/\/acaixasostible.uvigo.gal\/wp-content\/uploads\/2022\/12\/facebook-e1669982193537.png\" alt=\"\" width=\"35\" height=\"35\" \/><\/a><a href=\"https:\/\/www.youtube.com\/channel\/UCzZ3Uiylq1YRkNEVW3JurYg\" target=\"_blank\" rel=\"noopener\"><img loading=\"lazy\" decoding=\"async\" class=\"wp-image-4320 size-full alignright\" style=\"margin-left: 15px;\" src=\"http:\/\/acaixasostible.uvigo.gal\/wp-content\/uploads\/2022\/12\/youtube-e1669982588586.png\" alt=\"\" width=\"35\" height=\"35\" \/><\/a><\/p>\n","protected":false},"excerpt":{"rendered":"<p>Cronograma de desenvolvemento do proxecto 2022 D\u00eda 24 de novembro Env\u00edo das Caixas Sostibles aos IES D\u00eda 25 de novembro Recepci\u00f3n de A Caixa Sostible &hellip; <a class=\"excerpt_more\" href=\"http:\/\/acaixasostible.uvigo.gal\/gl\/o-proxecto\/planificacion\/\">Continuar<\/a><\/p>\n","protected":false},"author":2,"featured_media":4220,"parent":3433,"menu_order":20,"comment_status":"closed","ping_status":"closed","template":"views\/template-fullwidth.blade.php","meta":{"footnotes":""},"class_list":["post-3238","page","type-page","status-publish","has-post-thumbnail","hentry"],"_links":{"self":[{"href":"http:\/\/acaixasostible.uvigo.gal\/gl\/wp-json\/wp\/v2\/pages\/3238\/"}],"collection":[{"href":"http:\/\/acaixasostible.uvigo.gal\/gl\/wp-json\/wp\/v2\/pages\/"}],"about":[{"href":"http:\/\/acaixasostible.uvigo.gal\/gl\/wp-json\/wp\/v2\/types\/page\/"}],"author":[{"embeddable":true,"href":"http:\/\/acaixasostible.uvigo.gal\/gl\/wp-json\/wp\/v2\/users\/2\/"}],"replies":[{"embeddable":true,"href":"http:\/\/acaixasostible.uvigo.gal\/gl\/wp-json\/wp\/v2\/comments\/?post=3238"}],"version-history":[{"count":29,"href":"http:\/\/acaixasostible.uvigo.gal\/gl\/wp-json\/wp\/v2\/pages\/3238\/revisions\/"}],"predecessor-version":[{"id":4661,"href":"http:\/\/acaixasostible.uvigo.gal\/gl\/wp-json\/wp\/v2\/pages\/3238\/revisions\/4661\/"}],"up":[{"embeddable":true,"href":"http:\/\/acaixasostible.uvigo.gal\/gl\/wp-json\/wp\/v2\/pages\/3433\/"}],"wp:featuredmedia":[{"embeddable":true,"href":"http:\/\/acaixasostible.uvigo.gal\/gl\/wp-json\/wp\/v2\/media\/4220\/"}],"wp:attachment":[{"href":"http:\/\/acaixasostible.uvigo.gal\/gl\/wp-json\/wp\/v2\/media\/?parent=3238"}],"curies":[{"name":"wp","href":"https:\/\/api.w.org\/{rel}","templated":true}]}}