{"id":2822,"date":"2020-04-22T11:06:04","date_gmt":"2020-04-22T09:06:04","guid":{"rendered":"http:\/\/eu-peche.webs.uvigo.es\/?page_id=2822"},"modified":"2022-09-29T11:39:14","modified_gmt":"2022-09-29T09:39:14","slug":"proba","status":"publish","type":"page","link":"http:\/\/acaixasostible.uvigo.gal\/gl\/proba\/","title":{"rendered":"Proba"},"content":{"rendered":"<div class=\"entry-content\">\n<div class=\"custom-block\">\n<p>1Do 29 de xaneiro ao 24 de abril de 2020<\/p>\n<p><a href=\"http:\/\/www.edu.xunta.gal\/centros\/institutopesqueiroatlantico\" target=\"_blank\" rel=\"noopener\">Instituto Polit\u00e9cnico Mar\u00edtimo-Pesqueiro do Atl\u00e1ntico, Vigo<\/a><\/p>\n<p><a href=\"\/wp-content\/uploads\/2020\/01\/Programa_Pesca-Europa.pdf\" target=\"_blank\" rel=\"noopener\">Programa (<span class=\"font-weight-regular text-uppercase\">PDF 1,0 MB<\/span>)<\/a><\/p>\n<\/div>\n<\/div>\n<div class=\"alert alert-warning\" role=\"alert\"><p>Por mor da declaraci\u00f3n do estado de alarma e do peche dos centros educativos quedan suspendidas as sesi\u00f3ns presenciais do Obradoiro \u201cA pesca en Europa: desaf\u00edos e perspectivas\u201d. Con todo, queda a t\u00faa disposici\u00f3n o material did\u00e1ctico correspondente a cada sesi\u00f3n.<\/p><\/div>\n<div class=\"jumbotron\">\n<h2>Consulta o material did\u00e1ctico do Obradoiro<\/h2>\n<p class=\"header-list\">Sesi\u00f3n 1: La conservaci\u00f3n y gesti\u00f3n de los recursos pesqueros en Europa<\/p>\n<p><strong><a href=\"\/wp-content\/uploads\/2020\/04\/XPesca_S1.pdf\" target=\"_blank\" rel=\"noopener\">La conservaci\u00f3n y gesti\u00f3n de los recursos pesqueros en Europa<\/a><\/strong><br \/>\nGabriela Oanta Oanta<\/p>\n<p>&nbsp;<\/p>\n<p class=\"header-list\">Sesi\u00f3n 2: Internacionalizaci\u00f3n das profesi\u00f3ns mar\u00edtimas e acceso \u00e1 xustiza<\/p>\n<p><strong><a href=\"\/wp-content\/uploads\/2020\/04\/XPesca_S2.pdf\" target=\"_blank\" rel=\"noopener\">Internacionalizaci\u00f3n das profesi\u00f3ns mar\u00edtimas e acceso \u00e1 xustiza<\/a><\/strong><br \/>\nLaura Carballo Pi\u00f1eiro<\/p>\n<ul class=\"list-peak\" style=\"margin-top: 15px;\">\n<li><a href=\"https:\/\/www.ilo.org\/global\/standards\/maritime-labour-convention\/lang--es\/index.htm\" target=\"_blank\" rel=\"noopener\">Convenio sobre el trabajo mar\u00edtimo (MLC, 2006)<\/a><\/li>\n<\/ul>\n<p>&nbsp;<\/p>\n<p class=\"header-list\">Sesi\u00f3n 3: Pesca e traballo feminino<\/p>\n<p><strong><a href=\"\/wp-content\/uploads\/2020\/04\/XPesca_S3A.pdf\" target=\"_blank\" rel=\"noopener\">La mujer en la pesca: perspectiva europea e internacional<\/a><\/strong><br \/>\nAnnina B\u00fcrgin Pi\u00f1eiro<\/p>\n<p><strong><a href=\"\/wp-content\/uploads\/2020\/04\/XPesca_S3B.pdf\" target=\"_blank\" rel=\"noopener\">Pesca e traballo feminino<\/a><\/strong><br \/>\nBel\u00e9n Fern\u00e1ndez Docampo<\/p>\n<ul class=\"list-peak\" style=\"margin-top: 15px;\">\n<li><a href=\"https:\/\/www.mapa.gob.es\/es\/pesca\/temas\/red-mujeres\/plan_de_igualdad_pesca.aspx\" target=\"_blank\" rel=\"noopener\">Plan para la Igualdad de G\u00e9nero en el Sector Pesquero y Acu\u00edcola (2015-2020)<\/a><\/li>\n<li><a href=\"https:\/\/www.mapa.gob.es\/es\/pesca\/temas\/red-mujeres\/diagnosticoencifrasjunio2017revision_tcm30-425320.pdf\" target=\"_blank\" rel=\"noopener\">La igualdad en cifras: Diagn\u00f3stico sobre la situaci\u00f3n de la mujer en el sector pesquero y acu\u00edcola<\/a><\/li>\n<\/ul>\n<p>&nbsp;<\/p>\n<p class=\"header-list\">Sesi\u00f3n 4: O traballo no sector pesqueiro<\/p>\n<p><strong>Condici\u00f3ns de traballo na pesca (I)<\/strong><br \/>\nFran Fernandez Prol<\/p>\n<p><strong><a href=\"https:\/\/drive.google.com\/file\/d\/1BKe8jcQFZaoKVyDQAODIyPq3UjYTgyWb\/view\" target=\"_blank\" rel=\"noopener\">Condici\u00f3ns de traballo na pesca (II)<\/a><\/strong><br \/>\nJaime Cabeza Pereiro<\/p>\n<ul class=\"list-peak\" style=\"margin-top: 15px;\">\n<li><a href=\"http:\/\/www.mitramiss.gob.es\/ficheros\/participacion\/historico\/informacion-publica\/2019\/RD_29_20190923_TextoProyecto_sec_gral_tecnica.pdf\" target=\"_blank\" rel=\"noopener\">Proyecto de real decreto por el que se establecen condiciones de trabajo en el sector pesquero<\/a><\/li>\n<li><a href=\"https:\/\/www.boe.es\/buscar\/act.php?id=BOE-A-1995-21346\" target=\"_blank\" rel=\"noopener\">Real Decreto 1561\/1995, de 21 de septiembre, sobre jornadas especiales de trabajo<\/a><\/li>\n<li><a href=\"https:\/\/www.boe.es\/buscar\/act.php?id=BOE-A-1997-17825\" target=\"_blank\" rel=\"noopener\">Real Decreto 1216\/1997, de 18 de julio, por el que se establecen las disposiciones m\u00ednimas de seguridad y salud en el trabajo a bordo de los buques de pesca<\/a><\/li>\n<\/ul>\n<p><strong><a href=\"https:\/\/drive.google.com\/file\/d\/1qniW-hB1BbvnrmczjoTs4mYBcKNmxeZF\/view\" target=\"_blank\" rel=\"noopener\">A Protecci\u00f3n social dos mari\u00f1eiros<\/a><\/strong><br \/>\nJaime Cabeza Pereiro<\/p>\n<ul class=\"list-peak\" style=\"margin-top: 15px;\">\n<li><a href=\"https:\/\/www.boe.es\/buscar\/act.php?id=BOE-A-2015-11346\" target=\"_blank\" rel=\"noopener\">Ley 47\/2015, de 21 de octubre, reguladora de la protecci\u00f3n social de las personas trabajadoras del sector mar\u00edtimo-pesquero<\/a><\/li>\n<\/ul>\n<p>&nbsp;<\/p>\n<p class=\"header-list\">Sesi\u00f3n 5: Pesca e dereitos humanos<\/p>\n<p><strong><a href=\"\/wp-content\/uploads\/2020\/04\/XPesca_S5A.pdf\" target=\"_blank\" rel=\"noopener\">A pesca e os dereitos humanos<\/a><\/strong><br \/>\nIrene Dozo Moug\u00e1n<\/p>\n<ul class=\"list-peak\" style=\"margin-top: 15px;\">\n<li><a href=\"https:\/\/www.un.org\/es\/universal-declaration-human-rights\/\" target=\"_blank\" rel=\"noopener\">Declaraci\u00f3n Universal de Derechos Humanos<\/a><\/li>\n<li><a href=\"https:\/\/www.ohchr.org\/SP\/ProfessionalInterest\/Pages\/CCPR.aspx\" target=\"_blank\" rel=\"noopener\">Pacto Internacional de Derechos Civiles y Pol\u00edticos<\/a><\/li>\n<li><a href=\"https:\/\/www.ohchr.org\/SP\/ProfessionalInterest\/Pages\/CESCR.aspx\" target=\"_blank\" rel=\"noopener\">Pacto Internacional de Derechos Econ\u00f3micos, Sociales y Culturales<\/a><\/li>\n<li><a href=\"https:\/\/www.ohchr.org\/documents\/professionalinterest\/protocoltraffickinginpersons_sp.pdf\" target=\"_blank\" rel=\"noopener\">Protocolo para prevenir, reprimir y sancionar la trata de personas, especialmente mujeres y ni\u00f1os, que complementa la Convenci\u00f3n de las Naciones Unidas contra la Delincuencia Organizada Transnacional<\/a><\/li>\n<\/ul>\n<p><strong><a href=\"\/wp-content\/uploads\/2020\/04\/XPesca_S5B.pdf\" target=\"_blank\" rel=\"noopener\">Traballo infantil na pesca<\/a><\/strong><br \/>\nBel\u00e9n S\u00e1nchez Ramos<\/p>\n<p>En el marco de los derechos humanos:<\/p>\n<ul class=\"list-peak\" style=\"margin-top: 15px;\">\n<li><a href=\"https:\/\/www.ohchr.org\/SP\/ProfessionalInterest\/Pages\/CMW.aspx\" target=\"_blank\" rel=\"noopener\">Convenio Internacional sobre la protecci\u00f3n de los derechos de los Trabajadores Migrantes y sus familias, 1990<\/a><\/li>\n<li><a href=\"https:\/\/digitallibrary.un.org\/record\/1323014?ln=es\" target=\"_blank\" rel=\"noopener\">Observaci\u00f3n general conjunta n\u00fam. 3 (2017) del Comit\u00e9 de Protecci\u00f3n de los Derechos de Todos los Trabajadores Migratorios y de sus Familiares y n\u00fam. 22 (2017) del Comit\u00e9 de los Derechos del Ni\u00f1o sobre los principios generales relativos a los derechos humanos de los ni\u00f1os en el contexto de la migraci\u00f3n internacional<\/a><\/li>\n<li><a href=\"https:\/\/digitallibrary.un.org\/record\/1323015?ln=es\" target=\"_blank\" rel=\"noopener\">Observaci\u00f3n general conjunta n\u00fam. 4 (2017) del Comit\u00e9 de Protecci\u00f3n de los Derechos de Todos los Trabajadores Migratorios y de sus Familiares y n\u00fam. 23 (2017) del Comit\u00e9 de los Derechos del Ni\u00f1o sobre las obligaciones de los Estados relativas a los derechos humanos de losn i\u00f1os en el contexto de la migraci\u00f3n internacional en los pa\u00edses de origen, tr\u00e1nsito, destino y retorno<\/a><\/li>\n<\/ul>\n<p>En el marco de la Organizaci\u00f3n Internacional del Trabajo (OIT):<\/p>\n<ul class=\"list-peak\" style=\"margin-top: 15px;\">\n<li><a href=\"https:\/\/www.ilo.org\/dyn\/normlex\/es\/f?p=1000:62:0::NO:62:P62_LIST_ENTRIE_ID:2453907:NO\" target=\"_blank\" rel=\"noopener\">Pre\u00e1mbulo de la Constituci\u00f3n de la OIT<\/a><\/li>\n<li><a href=\"https:\/\/www.ilo.org\/declaration\/lang--es\/index.htm\" target=\"_blank\" rel=\"noopener\">Declaraci\u00f3n relativa a los principios y Derechos Fundamentales en el Trabajo (1988)<\/a><\/li>\n<li><a href=\"https:\/\/www.ohchr.org\/sp\/professionalinterest\/pages\/crc.aspx\" target=\"_blank\" rel=\"noopener\">Convenci\u00f3n sobre los Derechos del Ni\u00f1o<\/a><\/li>\n<li><a href=\"https:\/\/www.unicef.org\/csr\/css\/CRC_General_Comment_SPANISH_26112013.pdf\" target=\"_blank\" rel=\"noopener\">Observaci\u00f3n general N\u00ba16 (2013) sobre las obligaciones del Estado en relaci\u00f3n con el impacto del sector empresarial en los derechos del ni\u00f1o<\/a><\/li>\n<li><a href=\"https:\/\/www.ilo.org\/dyn\/normlex\/es\/f?p=NORMLEXPUB:12100:0::NO::P12100_ILO_CODE:C138\" target=\"_blank\" rel=\"noopener\">Convenio sobre la edad m\u00ednima de admisi\u00f3n al empleo de 1973 (n\u00fam. 138)<\/a><\/li>\n<li><a href=\"https:\/\/www.ilo.org\/dyn\/normlex\/es\/f?p=NORMLEXPUB:12100:0::NO:12100:P12100_INSTRUMENT_ID:312327:NO\" target=\"_blank\" rel=\"noopener\">Convenio sobre la prohibici\u00f3n de las peores formas de trabajo infantil y la acci\u00f3n inmediata para su utilizaci\u00f3n de 1999 (n\u00fam.182)<\/a><\/li>\n<li><a href=\"https:\/\/www.ilo.org\/dyn\/normlex\/es\/f?p=NORMLEXPUB:12100:0::NO:12100:P12100_INSTRUMENT_ID:312333:NO\" target=\"_blank\" rel=\"noopener\">Convenio sobre el trabajo en el sector pesquero, 2007 (n\u00fam. 188)<\/a><\/li>\n<\/ul>\n<\/div>\n<h2>Inscrici\u00f3n<\/h2>\n<p>Ata o 27 de xaneiro de 2020, no Instituto Polit\u00e9cnico Mar\u00edtimo-Pesqueiro do Atl\u00e1ntico de Vigo, indicando:<\/p>\n<ul class=\"list-peak\">\n<li>Nome<\/li>\n<li>Apelidos<\/li>\n<li>DNI<\/li>\n<li>E-mail<\/li>\n<li>Ciclo ou curso de procedencia<\/li>\n<\/ul>\n","protected":false},"excerpt":{"rendered":"<p>1Do 29 de xaneiro ao 24 de abril de 2020 Instituto Polit\u00e9cnico Mar\u00edtimo-Pesqueiro do Atl\u00e1ntico, Vigo Programa (PDF 1,0 MB) Inscrici\u00f3n Ata o 27 de &hellip; <a class=\"excerpt_more\" href=\"http:\/\/acaixasostible.uvigo.gal\/gl\/proba\/\">Continuar<\/a><\/p>\n","protected":false},"author":2,"featured_media":0,"parent":0,"menu_order":1,"comment_status":"closed","ping_status":"closed","template":"","meta":{"footnotes":""},"class_list":["post-2822","page","type-page","status-publish","hentry"],"_links":{"self":[{"href":"http:\/\/acaixasostible.uvigo.gal\/gl\/wp-json\/wp\/v2\/pages\/2822\/"}],"collection":[{"href":"http:\/\/acaixasostible.uvigo.gal\/gl\/wp-json\/wp\/v2\/pages\/"}],"about":[{"href":"http:\/\/acaixasostible.uvigo.gal\/gl\/wp-json\/wp\/v2\/types\/page\/"}],"author":[{"embeddable":true,"href":"http:\/\/acaixasostible.uvigo.gal\/gl\/wp-json\/wp\/v2\/users\/2\/"}],"replies":[{"embeddable":true,"href":"http:\/\/acaixasostible.uvigo.gal\/gl\/wp-json\/wp\/v2\/comments\/?post=2822"}],"version-history":[{"count":11,"href":"http:\/\/acaixasostible.uvigo.gal\/gl\/wp-json\/wp\/v2\/pages\/2822\/revisions\/"}],"predecessor-version":[{"id":3280,"href":"http:\/\/acaixasostible.uvigo.gal\/gl\/wp-json\/wp\/v2\/pages\/2822\/revisions\/3280\/"}],"wp:attachment":[{"href":"http:\/\/acaixasostible.uvigo.gal\/gl\/wp-json\/wp\/v2\/media\/?parent=2822"}],"curies":[{"name":"wp","href":"https:\/\/api.w.org\/{rel}","templated":true}]}}