{"id":1297,"date":"2015-01-29T09:40:22","date_gmt":"2015-01-29T08:40:22","guid":{"rendered":"http:\/\/eu-peche.webs.uvigo.es\/facultade\/"},"modified":"2022-10-19T12:45:52","modified_gmt":"2022-10-19T10:45:52","slug":"actividades","status":"publish","type":"page","link":"http:\/\/acaixasostible.uvigo.gal\/gl\/actividades\/","title":{"rendered":"Actividades"},"content":{"rendered":"<p><strong>Obxectivo 1. Avaliar e afinar as funci\u00f3ns de preferencia<\/strong><br \/>\nEste obxectivo ten 3 acci\u00f3ns relacionadas:<\/p>\n<ol>\n<li>verificar o funcionamento de estimadores de preferencia<\/li>\n<li>Desenvolver unha nova funci\u00f3n de preferencia multidimensional<\/li>\n<li>Desenvolver software que implemente as acci\u00f3ns anteriores<\/li>\n<\/ol>\n<p>A primeira e a terceira acci\u00f3n terminouse coa produci\u00f3n dunha serie de artigos existindo polo menos 2 programas que permiten ser utilizados por terceiros. A segunda acci\u00f3n desenvolveuse por medio dun software que permite inferir as causas multifactoriales do apareamiento.<br \/>\nPorcentaxe estimada de cumprimento do obxectivo: 100%<\/p>\n<p>&nbsp;<\/p>\n<p><strong>Obxectivo 2. Indentificar o mecanismo de preferencia<\/strong><br \/>\nEste obxectivo est\u00e1 completado tanto en <em>L. fabalis<\/em> como en<em> Echinolittorina malaccana<\/em>, con publicaci\u00f3ns desde unha perspectiva do comportamento. Os estudos de transcriptomica e prote\u00f3mica est\u00e1n pendentes de publicarse.<br \/>\nPorcentaxe estimada de cumprimento do obxectivo: 90%<\/p>\n<p>&nbsp;<\/p>\n<p><strong>Obxectivo 3. Entender porqu\u00e9 evolucionou a preferencia<\/strong><br \/>\nEste obxectivo est\u00e1 moi avanzado terminamos un estudo sobre a evoluci\u00f3n da preferencia nun contexto de especiaci\u00f3n que ser\u00e1 enviado pronto a publicar e ademais desenvolvemos un novo programa que permite estudar a evoluci\u00f3n da preferencia nun contexto que incorpora a complexidade micro espacial dentro de poboaci\u00f3n, permitindo abordar as raz\u00f3ns que permitiron que evolucione unha preferencia positiva para o tama\u00f1o na maior\u00eda de organismos.<br \/>\nPorcentaxe estimada de cumprimento do obxectivo: 90%<\/p>\n<p>&nbsp;<\/p>\n<p><strong>Obxectivo 4. Estimar par\u00e1metros biol\u00f3xicos asociados ao mecanismo de preferencia<\/strong><br \/>\nDesenvolvemos un modelo te\u00f3rico e experimental que permite entender o mecanismo de apareamento asociativo en <em>E. malaccana<\/em>, estimando os diferentes par\u00e1metros do mesmo. Ademais en <em>L. fabalis<\/em> f\u00edxose o propio neste caso para a s\u00faa preferencia por cores distintas.<br \/>\nPorcentaxe estimada de cumprimento do obxectivo: 100%<\/p>\n<p>&nbsp;<\/p>\n<p><strong>Obxectivo 5. Desenvolver ferramentas docentes para divulgar a preferencia<\/strong><br \/>\nDesenvolvemos un software para uso en m\u00f3biles sobre a adaptaci\u00f3n biol\u00f3xica. Temos desenvolta unha <a href=\"https:\/\/evolucion.webs.uvigo.es\/\" target=\"_blank\" rel=\"noopener\">p\u00e1xina web divulgativa<\/a> para explicar como se produce a evoluci\u00f3n, e en particular as procesos de selecci\u00f3n sexual e especiaici\u00f3n, que ve\u00f1en mediados pola preferencia.<\/p>\n<p>Porcentaxe estimada de cumprimento do obxectivo: 100%<\/p>\n","protected":false},"excerpt":{"rendered":"<p>Obxectivo 1. Avaliar e afinar as funci\u00f3ns de preferencia Este obxectivo ten 3 acci\u00f3ns relacionadas: verificar o funcionamento de estimadores de preferencia Desenvolver unha nova &hellip; <a class=\"excerpt_more\" href=\"http:\/\/acaixasostible.uvigo.gal\/gl\/actividades\/\">Continuar<\/a><\/p>\n","protected":false},"author":2,"featured_media":0,"parent":0,"menu_order":1,"comment_status":"closed","ping_status":"closed","template":"views\/template-fullwidth.blade.php","meta":{"footnotes":""},"class_list":["post-1297","page","type-page","status-publish","hentry"],"_links":{"self":[{"href":"http:\/\/acaixasostible.uvigo.gal\/gl\/wp-json\/wp\/v2\/pages\/1297\/"}],"collection":[{"href":"http:\/\/acaixasostible.uvigo.gal\/gl\/wp-json\/wp\/v2\/pages\/"}],"about":[{"href":"http:\/\/acaixasostible.uvigo.gal\/gl\/wp-json\/wp\/v2\/types\/page\/"}],"author":[{"embeddable":true,"href":"http:\/\/acaixasostible.uvigo.gal\/gl\/wp-json\/wp\/v2\/users\/2\/"}],"replies":[{"embeddable":true,"href":"http:\/\/acaixasostible.uvigo.gal\/gl\/wp-json\/wp\/v2\/comments\/?post=1297"}],"version-history":[{"count":11,"href":"http:\/\/acaixasostible.uvigo.gal\/gl\/wp-json\/wp\/v2\/pages\/1297\/revisions\/"}],"predecessor-version":[{"id":3265,"href":"http:\/\/acaixasostible.uvigo.gal\/gl\/wp-json\/wp\/v2\/pages\/1297\/revisions\/3265\/"}],"wp:attachment":[{"href":"http:\/\/acaixasostible.uvigo.gal\/gl\/wp-json\/wp\/v2\/media\/?parent=1297"}],"curies":[{"name":"wp","href":"https:\/\/api.w.org\/{rel}","templated":true}]}}